{"id":2,"date":"2022-11-30T22:13:44","date_gmt":"2022-12-01T03:13:44","guid":{"rendered":"https:\/\/chapde.ca\/?page_id=2"},"modified":"2023-09-05T14:36:15","modified_gmt":"2023-09-05T18:36:15","slug":"page-d-exemple","status":"publish","type":"page","link":"https:\/\/chapde.ca\/index.php\/page-d-exemple\/","title":{"rendered":"Curriculum vitae"},"content":{"rendered":"<style>.kb-row-layout-id2_c7c7cf-ec > .kt-row-column-wrap{align-content:start;}:where(.kb-row-layout-id2_c7c7cf-ec > .kt-row-column-wrap) > .wp-block-kadence-column{justify-content:start;}.kb-row-layout-id2_c7c7cf-ec > .kt-row-column-wrap{column-gap:var(--global-kb-gap-sm, 1rem);row-gap:var(--global-kb-gap-md, 2rem);padding-top:var(--global-kb-spacing-sm, 1.5rem);padding-right:var(--global-kb-spacing-sm, 1.5rem);padding-bottom:var(--global-kb-spacing-sm, 1.5rem);padding-left:var(--global-kb-spacing-xs, 1rem);grid-template-columns:minmax(0, 1fr) minmax(0, 2fr);}.kb-row-layout-id2_c7c7cf-ec > .kt-row-layout-overlay{opacity:0.30;}.kb-row-layout-id2_c7c7cf-ec ,.kb-row-layout-id2_c7c7cf-ec h1,.kb-row-layout-id2_c7c7cf-ec h2,.kb-row-layout-id2_c7c7cf-ec h3,.kb-row-layout-id2_c7c7cf-ec h4,.kb-row-layout-id2_c7c7cf-ec h5,.kb-row-layout-id2_c7c7cf-ec h6{color:var(--global-palette2, #2B6CB0);}.kb-row-layout-id2_c7c7cf-ec .kt-row-layout-top-sep{height:311px;}.kb-row-layout-id2_c7c7cf-ec .kt-row-layout-top-sep svg{width:151%;}.kb-row-layout-id2_c7c7cf-ec .kt-row-layout-top-sep svg{fill:var(--global-palette6, #718096)!important;}@media all and (max-width: 1024px){.kb-row-layout-id2_c7c7cf-ec > .kt-row-column-wrap{grid-template-columns:repeat(2, minmax(0, 1fr));}}@media all and (max-width: 767px){.kb-row-layout-id2_c7c7cf-ec > .kt-row-column-wrap{grid-template-columns:minmax(0, 1fr);}}<\/style><div class=\"kb-row-layout-wrap kb-row-layout-id2_c7c7cf-ec alignnone wp-block-kadence-rowlayout\"><div class=\"kt-row-layout-top-sep kt-row-sep-type-sltl\"><svg viewBox=\"0 0 1000 100\" preserveAspectRatio=\"none\"><path d=\"M1000,0l-1000,100l1000,0l0,-100Z\" \/><\/svg><\/div><div class=\"kt-row-column-wrap kt-has-2-columns kt-row-layout-right-golden kt-tab-layout-inherit kt-mobile-layout-row kt-row-valign-top\">\n<style>.kadence-column2_2c01db-e5 > .kt-inside-inner-col{padding-top:var(--global-kb-spacing-xs, 1rem);padding-right:var(--global-kb-spacing-xs, 1rem);padding-bottom:var(--global-kb-spacing-xs, 1rem);padding-left:var(--global-kb-spacing-xs, 1rem);}.kadence-column2_2c01db-e5 > .kt-inside-inner-col{min-height:0px;}.kadence-column2_2c01db-e5 > .kt-inside-inner-col,.kadence-column2_2c01db-e5 > .kt-inside-inner-col:before{border-top-left-radius:0px;border-top-right-radius:0px;border-bottom-right-radius:0px;border-bottom-left-radius:0px;}.kadence-column2_2c01db-e5 > .kt-inside-inner-col{background-color:var(--global-palette7, #EDF2F7);}.kadence-column2_2c01db-e5 > .kt-inside-inner-col:before{opacity:0.3;}.kadence-column2_2c01db-e5{text-align:left;}.kadence-column2_2c01db-e5{position:relative;}<\/style>\n<div class=\"wp-block-kadence-column kadence-column2_2c01db-e5 kb-section-dir-vertical\"><div class=\"kt-inside-inner-col\">\n<h2 class=\"wp-block-heading\" style=\"font-size:36px\"><strong>Hugo Chapdelaine<\/strong><\/h2>\n\n\n\n<p>31 46e Avenue Ouest<br>Blainville, Qu\u00e9bec<br>J7C1L3<\/p>\n\n\n\n<p>T\u00e9l. : (514) 616-0361<br>Courriel : chapdelaine.hugo@gmail.com<\/p>\n\n\n\n<h2 class=\"wp-block-heading\">Formation<\/h2>\n\n\n\n<p>ao\u00fbt 2003 \u2013 mai 2006<br>C\u00e9gep de Jonqui\u00e8re<br><strong>DEC &#8211; Technique d\u2019int\u00e9gration multim\u00e9dia<\/strong><\/p>\n<\/div><\/div>\n\n\n<style>.kadence-column2_8276ac-97 > .kt-inside-inner-col{padding-top:var(--global-kb-spacing-xs, 1rem);padding-right:var(--global-kb-spacing-xs, 1rem);padding-bottom:var(--global-kb-spacing-xs, 1rem);padding-left:var(--global-kb-spacing-xs, 1rem);}.kadence-column2_8276ac-97 > .kt-inside-inner-col,.kadence-column2_8276ac-97 > .kt-inside-inner-col:before{border-top-left-radius:0px;border-top-right-radius:0px;border-bottom-right-radius:0px;border-bottom-left-radius:0px;}.kadence-column2_8276ac-97 > .kt-inside-inner-col{background-color:var(--global-palette8, #F7FAFC);}.kadence-column2_8276ac-97 > .kt-inside-inner-col:before{opacity:0.3;}.kadence-column2_8276ac-97{position:relative;}<\/style>\n<div class=\"wp-block-kadence-column kadence-column2_8276ac-97\"><div class=\"kt-inside-inner-col\">\n<h2 class=\"wp-block-heading\">Exp\u00e9rience professionnelle<\/h2>\n\n\n\n<p>novembre 2013 \u2013 maintenant<br>Commission de la construction du Qu\u00e9bec, Montr\u00e9al<br><strong>Technicien web et plateformes technologiques<\/strong><\/p>\n\n\n\n<ul class=\"wp-block-list\">\n<li>Mise \u00e0 jour et maintenance du site web.<\/li>\n\n\n\n<li>Administration, gestion et cr\u00e9ation des contenus dans<\/li>\n\n\n\n<li>CMS Sitecore.<\/li>\n\n\n\n<li>Int\u00e9gration et d\u00e9veloppement front-end.<\/li>\n\n\n\n<li>Gestion et cr\u00e9ation des contenus sur Sharepoint.<\/li>\n\n\n\n<li>Cr\u00e9ation et envoi des courriels promotionnels de<\/li>\n\n\n\n<li>masses. Gestion des listes d\u2019envoi.<\/li>\n\n\n\n<li>Formation et soutien des utilisateurs sur Sitecore et Sharepoint.<\/li>\n\n\n\n<li>Cr\u00e9ation de guides utilisateurs<\/li>\n<\/ul>\n\n\n\n<p>septembre 2012 \u2013 novembre 2013<br>Coll\u00e8ge Ahuntsic, Montr\u00e9al<br><strong>Technicien multim\u00e9dia<\/strong><\/p>\n\n\n\n<ul class=\"wp-block-list\">\n<li>Int\u00e9gration d&rsquo;outils p\u00e9dagogiques sur la plate-forme d&rsquo;apprentissage Moodle.<\/li>\n\n\n\n<li>Administration et gestion de la plate-forme d&rsquo;apprentissage Moodle.<\/li>\n\n\n\n<li>Conception et int\u00e9gration de sites web satellites.<\/li>\n\n\n\n<li>Mise en place d&rsquo;une image de marque pour une classe d\u2019apprentissage actif.<\/li>\n\n\n\n<li>Soutien aux \u00e9tudiants et enseignants.<\/li>\n\n\n\n<li>Mise \u00e0 jour et maintenance du site web.<\/li>\n<\/ul>\n<\/div><\/div>\n\n<\/div><\/div>","protected":false},"excerpt":{"rendered":"<p>Hugo Chapdelaine 31 46e Avenue OuestBlainville, Qu\u00e9becJ7C1L3 T\u00e9l. : (514) 616-0361Courriel : chapdelaine.hugo@gmail.com Formation ao\u00fbt 2003 \u2013 mai 2006C\u00e9gep de Jonqui\u00e8reDEC &#8211; Technique d\u2019int\u00e9gration multim\u00e9dia Exp\u00e9rience professionnelle novembre 2013 \u2013 maintenantCommission de la construction du Qu\u00e9bec, Montr\u00e9alTechnicien web et plateformes technologiques septembre 2012 \u2013 novembre 2013Coll\u00e8ge Ahuntsic, Montr\u00e9alTechnicien multim\u00e9dia<\/p>\n","protected":false},"author":1,"featured_media":0,"parent":0,"menu_order":0,"comment_status":"closed","ping_status":"open","template":"","meta":{"_kad_post_transparent":"","_kad_post_title":"","_kad_post_layout":"","_kad_post_sidebar_id":"","_kad_post_content_style":"","_kad_post_vertical_padding":"","_kad_post_feature":"","_kad_post_feature_position":"","_kad_post_header":false,"_kad_post_footer":false,"footnotes":""},"class_list":["post-2","page","type-page","status-publish","hentry"],"_links":{"self":[{"href":"https:\/\/chapde.ca\/index.php\/wp-json\/wp\/v2\/pages\/2","targetHints":{"allow":["GET"]}}],"collection":[{"href":"https:\/\/chapde.ca\/index.php\/wp-json\/wp\/v2\/pages"}],"about":[{"href":"https:\/\/chapde.ca\/index.php\/wp-json\/wp\/v2\/types\/page"}],"author":[{"embeddable":true,"href":"https:\/\/chapde.ca\/index.php\/wp-json\/wp\/v2\/users\/1"}],"replies":[{"embeddable":true,"href":"https:\/\/chapde.ca\/index.php\/wp-json\/wp\/v2\/comments?post=2"}],"version-history":[{"count":22,"href":"https:\/\/chapde.ca\/index.php\/wp-json\/wp\/v2\/pages\/2\/revisions"}],"predecessor-version":[{"id":120,"href":"https:\/\/chapde.ca\/index.php\/wp-json\/wp\/v2\/pages\/2\/revisions\/120"}],"wp:attachment":[{"href":"https:\/\/chapde.ca\/index.php\/wp-json\/wp\/v2\/media?parent=2"}],"curies":[{"name":"wp","href":"https:\/\/api.w.org\/{rel}","templated":true}]}}