{"id":34,"date":"2023-08-31T14:43:12","date_gmt":"2023-08-31T18:43:12","guid":{"rendered":"https:\/\/chapde.ca\/?page_id=34"},"modified":"2023-09-05T14:15:54","modified_gmt":"2023-09-05T18:15:54","slug":"quelque-part-dans-les-internet","status":"publish","type":"page","link":"https:\/\/chapde.ca\/","title":{"rendered":"Quelque part dans les Internet"},"content":{"rendered":"<style>.kb-row-layout-id34_395bc4-00 > .kt-row-column-wrap{align-content:start;}:where(.kb-row-layout-id34_395bc4-00 > .kt-row-column-wrap) > .wp-block-kadence-column{justify-content:start;}.kb-row-layout-id34_395bc4-00 > .kt-row-column-wrap{column-gap:var(--global-kb-gap-md, 2rem);row-gap:var(--global-kb-gap-md, 2rem);padding-top:var(--global-kb-spacing-lg, 3rem);padding-right:var(--global-kb-spacing-lg, 3rem);padding-bottom:var(--global-kb-spacing-lg, 3rem);padding-left:var(--global-kb-spacing-lg, 3rem);grid-template-columns:minmax(0, 1fr) minmax(0, 2fr);}.kb-row-layout-id34_395bc4-00{background-image:url('https:\/\/chapde.ca\/wp-content\/uploads\/2023\/08\/20230818_141549-e1693927936271.jpg');background-size:auto;background-position:100% 65%;background-attachment:scroll;background-repeat:no-repeat;}.kb-row-layout-id34_395bc4-00 > .kt-row-layout-overlay{opacity:0.30;}@media all and (max-width: 1024px){.kb-row-layout-id34_395bc4-00 > .kt-row-column-wrap{grid-template-columns:repeat(2, minmax(0, 1fr));}}@media all and (max-width: 767px){.kb-row-layout-id34_395bc4-00 > .kt-row-column-wrap{grid-template-columns:minmax(0, 1fr);}}<\/style><div class=\"kb-row-layout-wrap kb-row-layout-id34_395bc4-00 alignnone kt-row-has-bg wp-block-kadence-rowlayout\"><div class=\"kt-row-column-wrap kt-has-2-columns kt-row-layout-right-golden kt-tab-layout-inherit kt-mobile-layout-row kt-row-valign-top\">\n<style>.kadence-column34_5c8adc-9e, .kt-inside-inner-col > .kadence-column34_5c8adc-9e:not(.specificity){margin-bottom:0px;margin-left:0px;}.kadence-column34_5c8adc-9e > .kt-inside-inner-col{padding-bottom:var(--global-kb-spacing-sm, 1.5rem);padding-left:0px;}.kadence-column34_5c8adc-9e > .kt-inside-inner-col{border-top:0.5px solid rgba(74,85,104,0);border-right:0.5px solid rgba(74,85,104,0);border-bottom:0.5px solid rgba(74,85,104,0);border-left:0.5px solid rgba(74,85,104,0);}.kadence-column34_5c8adc-9e > .kt-inside-inner-col,.kadence-column34_5c8adc-9e > .kt-inside-inner-col:before{border-top-left-radius:0px;border-top-right-radius:0px;border-bottom-right-radius:0px;border-bottom-left-radius:0px;}.kadence-column34_5c8adc-9e > .kt-inside-inner-col{background-color:var(--global-palette8, #F7FAFC);}.kadence-column34_5c8adc-9e > .kt-inside-inner-col:before{opacity:0.3;}.kadence-column34_5c8adc-9e{position:relative;}@media all and (max-width: 1024px){.kadence-column34_5c8adc-9e > .kt-inside-inner-col{border-top:0.5px solid rgba(74,85,104,0);border-right:0.5px solid rgba(74,85,104,0);border-bottom:0.5px solid rgba(74,85,104,0);border-left:0.5px solid rgba(74,85,104,0);}}@media all and (max-width: 767px){.kadence-column34_5c8adc-9e > .kt-inside-inner-col{border-top:0.5px solid rgba(74,85,104,0);border-right:0.5px solid rgba(74,85,104,0);border-bottom:0.5px solid rgba(74,85,104,0);border-left:0.5px solid rgba(74,85,104,0);}}<\/style>\n<div class=\"wp-block-kadence-column kadence-column34_5c8adc-9e\"><div class=\"kt-inside-inner-col\"><style>.kb-row-layout-id34_a3bc22-a4 > .kt-row-column-wrap{align-content:start;}:where(.kb-row-layout-id34_a3bc22-a4 > .kt-row-column-wrap) > .wp-block-kadence-column{justify-content:start;}.kb-row-layout-id34_a3bc22-a4 > .kt-row-column-wrap{column-gap:var(--global-kb-gap-md, 2rem);row-gap:var(--global-kb-gap-md, 2rem);padding-top:var(--global-kb-spacing-sm, 1.5rem);padding-bottom:var(--global-kb-spacing-sm, 1.5rem);grid-template-columns:minmax(0, 1fr);}.kb-row-layout-id34_a3bc22-a4{border-top:0px solid rgba(113,128,150,0);border-right:0px solid rgba(113,128,150,0);border-bottom:0px solid rgba(113,128,150,0);border-left:0px solid rgba(113,128,150,0);}.kb-row-layout-id34_a3bc22-a4 > .kt-row-layout-overlay{opacity:0.30;}@media all and (max-width: 1024px){.kb-row-layout-id34_a3bc22-a4 > .kt-row-column-wrap{grid-template-columns:minmax(0, 1fr);}}@media all and (max-width: 1024px){.kb-row-layout-id34_a3bc22-a4{border-top:0px solid rgba(113,128,150,0);border-right:0px solid rgba(113,128,150,0);border-bottom:0px solid rgba(113,128,150,0);border-left:0px solid rgba(113,128,150,0);}}@media all and (max-width: 767px){.kb-row-layout-id34_a3bc22-a4 > .kt-row-column-wrap{grid-template-columns:minmax(0, 1fr);}.kb-row-layout-id34_a3bc22-a4{border-top:0px solid rgba(113,128,150,0);border-right:0px solid rgba(113,128,150,0);border-bottom:0px solid rgba(113,128,150,0);border-left:0px solid rgba(113,128,150,0);}}<\/style><div class=\"kb-row-layout-wrap kb-row-layout-id34_a3bc22-a4 alignnone has-theme-palette8-background-color kt-row-has-bg wp-block-kadence-rowlayout\"><div class=\"kt-row-column-wrap kt-has-1-columns kt-row-layout-equal kt-tab-layout-inherit kt-mobile-layout-row kt-row-valign-top\">\n<style>.kadence-column34_b39197-8d > .kt-inside-inner-col,.kadence-column34_b39197-8d > .kt-inside-inner-col:before{border-top-left-radius:0px;border-top-right-radius:0px;border-bottom-right-radius:0px;border-bottom-left-radius:0px;}.kadence-column34_b39197-8d > .kt-inside-inner-col:before{opacity:0.3;}.kadence-column34_b39197-8d{position:relative;}<\/style>\n<div class=\"wp-block-kadence-column kadence-column34_b39197-8d\"><div class=\"kt-inside-inner-col\">\n<h2 class=\"wp-block-heading\">Quelque part dans les Internet<\/h2>\n\n\n\n<p>Improvisation mixte, ayant pour th\u00e8me Kadence<\/p>\n<\/div><\/div>\n\n<\/div><\/div>\n\n<style>.wp-block-kadence-advancedbtn.kb-btns34_c61642-46{gap:var(--global-kb-gap-xs, 0.5rem );justify-content:center;align-items:center;}.kt-btns34_c61642-46 .kt-button{font-weight:normal;font-style:normal;}.kt-btns34_c61642-46 .kt-btn-wrap-0{margin-right:5px;}.wp-block-kadence-advancedbtn.kt-btns34_c61642-46 .kt-btn-wrap-0 .kt-button{color:#555555;border-color:#555555;}.wp-block-kadence-advancedbtn.kt-btns34_c61642-46 .kt-btn-wrap-0 .kt-button:hover, .wp-block-kadence-advancedbtn.kt-btns34_c61642-46 .kt-btn-wrap-0 .kt-button:focus{color:#ffffff;border-color:#444444;}.wp-block-kadence-advancedbtn.kt-btns34_c61642-46 .kt-btn-wrap-0 .kt-button::before{display:none;}.wp-block-kadence-advancedbtn.kt-btns34_c61642-46 .kt-btn-wrap-0 .kt-button:hover, .wp-block-kadence-advancedbtn.kt-btns34_c61642-46 .kt-btn-wrap-0 .kt-button:focus{background:#444444;}<\/style>\n<div class=\"wp-block-kadence-advancedbtn kb-buttons-wrap kb-btns34_c61642-46\"><style>ul.menu .wp-block-kadence-advancedbtn .kb-btn34_1c96d7-8c.kb-button{width:initial;}<\/style><a class=\"kb-button kt-button button kb-btn34_1c96d7-8c kt-btn-size-standard kt-btn-width-type-auto kb-btn-global-fill kt-btn-has-text-true kt-btn-has-svg-false wp-block-kadence-singlebtn\" href=\"https:\/\/chapde.ca\/index.php\/page-d-exemple\/\"><span class=\"kt-btn-inner-text\">Consulter mon CV<\/span><\/a><\/div>\n<\/div><\/div>\n\n\n<style>.kadence-column34_237d62-bd > .kt-inside-inner-col,.kadence-column34_237d62-bd > .kt-inside-inner-col:before{border-top-left-radius:0px;border-top-right-radius:0px;border-bottom-right-radius:0px;border-bottom-left-radius:0px;}.kadence-column34_237d62-bd > .kt-inside-inner-col:before{opacity:0.3;}.kadence-column34_237d62-bd{position:relative;}<\/style>\n<div class=\"wp-block-kadence-column kadence-column34_237d62-bd\"><div class=\"kt-inside-inner-col\"><style>.kb-row-layout-id34_5663ef-1c > .kt-row-column-wrap{align-content:start;}:where(.kb-row-layout-id34_5663ef-1c > .kt-row-column-wrap) > .wp-block-kadence-column{justify-content:start;}.kb-row-layout-id34_5663ef-1c > .kt-row-column-wrap{column-gap:var(--global-kb-gap-md, 2rem);row-gap:var(--global-kb-gap-md, 2rem);padding-top:var(--global-kb-spacing-sm, 1.5rem);padding-bottom:var(--global-kb-spacing-sm, 1.5rem);grid-template-columns:minmax(0, 1fr);}.kb-row-layout-id34_5663ef-1c{border-top:0.5px solid rgba(74,85,104,0);border-right:0.5px solid rgba(74,85,104,0);border-bottom:0.5px solid rgba(74,85,104,0);border-left:0.5px solid rgba(74,85,104,0);}.kb-row-layout-id34_5663ef-1c > .kt-row-layout-overlay{opacity:0.30;}.kb-row-layout-id34_5663ef-1c .kt-row-layout-top-sep{height:114px;}.kb-row-layout-id34_5663ef-1c .kt-row-layout-top-sep svg{width:104%;}.kb-row-layout-id34_5663ef-1c .kt-row-layout-top-sep svg{fill:var(--global-palette7, #EDF2F7)!important;}@media all and (max-width: 1024px){.kb-row-layout-id34_5663ef-1c > .kt-row-column-wrap{grid-template-columns:minmax(0, 1fr);}}@media all and (max-width: 1024px){.kb-row-layout-id34_5663ef-1c{border-top:0.5px solid rgba(74,85,104,0);border-right:0.5px solid rgba(74,85,104,0);border-bottom:0.5px solid rgba(74,85,104,0);border-left:0.5px solid rgba(74,85,104,0);}}@media all and (max-width: 767px){.kb-row-layout-id34_5663ef-1c > .kt-row-column-wrap{grid-template-columns:minmax(0, 1fr);}.kb-row-layout-id34_5663ef-1c{border-top:0.5px solid rgba(74,85,104,0);border-right:0.5px solid rgba(74,85,104,0);border-bottom:0.5px solid rgba(74,85,104,0);border-left:0.5px solid rgba(74,85,104,0);}}<\/style><div class=\"kb-row-layout-wrap kb-row-layout-id34_5663ef-1c alignnone has-theme-palette8-background-color kt-row-has-bg wp-block-kadence-rowlayout\"><div class=\"kt-row-layout-top-sep kt-row-sep-type-sltl\"><svg viewBox=\"0 0 1000 100\" preserveAspectRatio=\"none\"><path d=\"M1000,0l-1000,100l1000,0l0,-100Z\" \/><\/svg><\/div><div class=\"kt-row-column-wrap kt-has-1-columns kt-row-layout-equal kt-tab-layout-inherit kt-mobile-layout-row kt-row-valign-top\">\n<style>.kadence-column34_fc70ac-a6 > .kt-inside-inner-col,.kadence-column34_fc70ac-a6 > .kt-inside-inner-col:before{border-top-left-radius:0px;border-top-right-radius:0px;border-bottom-right-radius:0px;border-bottom-left-radius:0px;}.kadence-column34_fc70ac-a6 > .kt-inside-inner-col:before{opacity:0.3;}.kadence-column34_fc70ac-a6{position:relative;}<\/style>\n<div class=\"wp-block-kadence-column kadence-column34_fc70ac-a6\"><div class=\"kt-inside-inner-col\"><style>.kb-row-layout-id34_b6c38a-99 > .kt-row-column-wrap{align-content:start;}:where(.kb-row-layout-id34_b6c38a-99 > .kt-row-column-wrap) > .wp-block-kadence-column{justify-content:start;}.kb-row-layout-id34_b6c38a-99 > .kt-row-column-wrap{column-gap:var(--global-kb-gap-md, 2rem);row-gap:var(--global-kb-gap-md, 2rem);padding-top:var(--global-kb-spacing-sm, 1.5rem);padding-bottom:var(--global-kb-spacing-sm, 1.5rem);grid-template-columns:minmax(0, 1fr) minmax(0, 2fr);}.kb-row-layout-id34_b6c38a-99 > .kt-row-layout-overlay{opacity:0.30;}@media all and (max-width: 1024px){.kb-row-layout-id34_b6c38a-99 > .kt-row-column-wrap{grid-template-columns:repeat(2, minmax(0, 1fr));}}@media all and (max-width: 767px){.kb-row-layout-id34_b6c38a-99 > .kt-row-column-wrap{grid-template-columns:minmax(0, 1fr);}}<\/style><div class=\"kb-row-layout-wrap kb-row-layout-id34_b6c38a-99 alignnone wp-block-kadence-rowlayout\"><div class=\"kt-row-column-wrap kt-has-2-columns kt-row-layout-right-golden kt-tab-layout-inherit kt-mobile-layout-row kt-row-valign-top\">\n<style>.kadence-column34_445f2d-92 > .kt-inside-inner-col,.kadence-column34_445f2d-92 > .kt-inside-inner-col:before{border-top-left-radius:0px;border-top-right-radius:0px;border-bottom-right-radius:0px;border-bottom-left-radius:0px;}.kadence-column34_445f2d-92 > .kt-inside-inner-col:before{opacity:0.3;}.kadence-column34_445f2d-92{position:relative;}<\/style>\n<div class=\"wp-block-kadence-column kadence-column34_445f2d-92\"><div class=\"kt-inside-inner-col\"><style>.wp-block-kadence-image.kb-image34_ab43c7-66:not(.kb-specificity-added):not(.kb-extra-specificity-added){margin-left:var(--global-kb-spacing-lg, 3rem);}.kb-image34_ab43c7-66.kb-image-is-ratio-size, .kb-image34_ab43c7-66 .kb-image-is-ratio-size{max-width:1075px;width:100%;}.kb-image34_ab43c7-66{max-width:1075px;}.image-is-svg.kb-image34_ab43c7-66{-webkit-flex:0 1 100%;flex:0 1 100%;}.image-is-svg.kb-image34_ab43c7-66 img{width:100%;}.kb-image34_ab43c7-66 .kb-image-has-overlay:after{opacity:0.3;}.kb-image34_ab43c7-66 img.kb-img, .kb-image34_ab43c7-66 .kb-img img{-webkit-mask-image:url(https:\/\/chapde.ca\/wp-content\/plugins\/kadence-blocks\/includes\/assets\/images\/masks\/circle.svg);mask-image:url(https:\/\/chapde.ca\/wp-content\/plugins\/kadence-blocks\/includes\/assets\/images\/masks\/circle.svg);-webkit-mask-size:auto;mask-size:auto;-webkit-mask-repeat:no-repeat;mask-repeat:no-repeat;-webkit-mask-position:center;mask-position:center;}<\/style>\n<figure class=\"wp-block-kadence-image kb-image34_ab43c7-66 size-thumbnail\"><img loading=\"lazy\" decoding=\"async\" width=\"150\" height=\"150\" src=\"https:\/\/chapde.ca\/wp-content\/uploads\/2023\/09\/20230818_1415499-e1693769383972-150x150.jpg\" alt=\"portrait\" class=\"kb-img wp-image-52\" srcset=\"https:\/\/chapde.ca\/wp-content\/uploads\/2023\/09\/20230818_1415499-e1693769383972-150x150.jpg 150w, https:\/\/chapde.ca\/wp-content\/uploads\/2023\/09\/20230818_1415499-e1693769383972-300x300.jpg 300w, https:\/\/chapde.ca\/wp-content\/uploads\/2023\/09\/20230818_1415499-e1693769383972-768x768.jpg 768w, https:\/\/chapde.ca\/wp-content\/uploads\/2023\/09\/20230818_1415499-e1693769383972.jpg 1220w\" sizes=\"auto, (max-width: 150px) 100vw, 150px\" \/><\/figure>\n<\/div><\/div>\n\n\n<style>.kadence-column34_175381-67, .kt-inside-inner-col > .kadence-column34_175381-67:not(.specificity){margin-top:var(--global-kb-spacing-xs, 1rem);}.kadence-column34_175381-67 > .kt-inside-inner-col,.kadence-column34_175381-67 > .kt-inside-inner-col:before{border-top-left-radius:0px;border-top-right-radius:0px;border-bottom-right-radius:0px;border-bottom-left-radius:0px;}.kadence-column34_175381-67 > .kt-inside-inner-col:before{opacity:0.3;}.kadence-column34_175381-67{position:relative;}<\/style>\n<div class=\"wp-block-kadence-column kadence-column34_175381-67\"><div class=\"kt-inside-inner-col\">\n<p class=\"has-text-align-left\"><strong>Hugo Chapdelaine<\/strong><br>15 ans d&rsquo;exp\u00e9rience professionnelle<br>Int\u00e9grateur multim\u00e9dia, Int\u00e9grateur web, Technicien en audiovisuel.<\/p>\n<\/div><\/div>\n\n<\/div><\/div><\/div><\/div>\n\n<\/div><\/div><\/div><\/div>\n\n<\/div><\/div>","protected":false},"excerpt":{"rendered":"<p>Quelque part dans les Internet Improvisation mixte, ayant pour th\u00e8me Kadence Hugo Chapdelaine15 ans d&rsquo;exp\u00e9rience professionnelleInt\u00e9grateur multim\u00e9dia, Int\u00e9grateur web, Technicien en audiovisuel.<\/p>\n","protected":false},"author":1,"featured_media":0,"parent":0,"menu_order":0,"comment_status":"closed","ping_status":"closed","template":"","meta":{"_kad_post_transparent":"default","_kad_post_title":"default","_kad_post_layout":"normal","_kad_post_sidebar_id":"","_kad_post_content_style":"default","_kad_post_vertical_padding":"","_kad_post_feature":"","_kad_post_feature_position":"","_kad_post_header":false,"_kad_post_footer":false,"footnotes":""},"class_list":["post-34","page","type-page","status-publish","hentry"],"_links":{"self":[{"href":"https:\/\/chapde.ca\/index.php\/wp-json\/wp\/v2\/pages\/34","targetHints":{"allow":["GET"]}}],"collection":[{"href":"https:\/\/chapde.ca\/index.php\/wp-json\/wp\/v2\/pages"}],"about":[{"href":"https:\/\/chapde.ca\/index.php\/wp-json\/wp\/v2\/types\/page"}],"author":[{"embeddable":true,"href":"https:\/\/chapde.ca\/index.php\/wp-json\/wp\/v2\/users\/1"}],"replies":[{"embeddable":true,"href":"https:\/\/chapde.ca\/index.php\/wp-json\/wp\/v2\/comments?post=34"}],"version-history":[{"count":36,"href":"https:\/\/chapde.ca\/index.php\/wp-json\/wp\/v2\/pages\/34\/revisions"}],"predecessor-version":[{"id":116,"href":"https:\/\/chapde.ca\/index.php\/wp-json\/wp\/v2\/pages\/34\/revisions\/116"}],"wp:attachment":[{"href":"https:\/\/chapde.ca\/index.php\/wp-json\/wp\/v2\/media?parent=34"}],"curies":[{"name":"wp","href":"https:\/\/api.w.org\/{rel}","templated":true}]}}